{"id":6,"date":"2025-05-26T11:15:26","date_gmt":"2025-05-26T11:15:26","guid":{"rendered":"https:\/\/kidskravmaga.be\/?page_id=6"},"modified":"2025-06-02T13:24:02","modified_gmt":"2025-06-02T13:24:02","slug":"home","status":"publish","type":"page","link":"https:\/\/kidskravmaga.be\/","title":{"rendered":"Home"},"content":{"rendered":"\t\t<div data-elementor-type=\"wp-page\" data-elementor-id=\"6\" class=\"elementor elementor-6\" data-elementor-post-type=\"page\">\n\t\t\t\t<div class=\"elementor-element elementor-element-308ec3db e-flex e-con-boxed e-con e-parent\" data-id=\"308ec3db\" data-element_type=\"container\" data-e-type=\"container\">\n\t\t\t\t\t<div class=\"e-con-inner\">\n\t\t<div class=\"elementor-element elementor-element-9dd8720 e-con-full e-flex e-con e-child\" data-id=\"9dd8720\" data-element_type=\"container\" data-e-type=\"container\">\n\t\t\t\t<div class=\"elementor-element elementor-element-9a5a317 elementor-widget elementor-widget-heading\" data-id=\"9a5a317\" data-element_type=\"widget\" data-e-type=\"widget\" data-widget_type=\"heading.default\">\n\t\t\t\t<div class=\"elementor-widget-container\">\n\t\t\t\t\t<h2 class=\"elementor-heading-title elementor-size-default\">Pr\u00eat \u00e0 devenir un petit expert en Krav Maga?<\/h2>\t\t\t\t<\/div>\n\t\t\t\t<\/div>\n\t\t<div class=\"elementor-element elementor-element-8649810 e-grid e-con-full e-con e-child\" data-id=\"8649810\" data-element_type=\"container\" data-e-type=\"container\">\n\t\t\t\t<div class=\"elementor-element elementor-element-44adda8 elementor-widget elementor-widget-spacer\" data-id=\"44adda8\" data-element_type=\"widget\" data-e-type=\"widget\" data-widget_type=\"spacer.default\">\n\t\t\t\t<div class=\"elementor-widget-container\">\n\t\t\t\t\t\t\t<div class=\"elementor-spacer\">\n\t\t\t<div class=\"elementor-spacer-inner\"><\/div>\n\t\t<\/div>\n\t\t\t\t\t\t<\/div>\n\t\t\t\t<\/div>\n\t\t\t\t<div class=\"elementor-element elementor-element-ae6f906 elementor-align-center elementor-widget elementor-widget-button\" data-id=\"ae6f906\" data-element_type=\"widget\" data-e-type=\"widget\" data-widget_type=\"button.default\">\n\t\t\t\t<div class=\"elementor-widget-container\">\n\t\t\t\t\t\t\t\t\t<div class=\"elementor-button-wrapper\">\n\t\t\t\t\t<a class=\"elementor-button elementor-button-link elementor-size-sm\" href=\"#subscription_form\">\n\t\t\t\t\t\t<span class=\"elementor-button-content-wrapper\">\n\t\t\t\t\t\t\t\t\t<span class=\"elementor-button-text\">Je m'inscris!<\/span>\n\t\t\t\t\t<\/span>\n\t\t\t\t\t<\/a>\n\t\t\t\t<\/div>\n\t\t\t\t\t\t\t\t<\/div>\n\t\t\t\t<\/div>\n\t\t\t\t<div class=\"elementor-element elementor-element-415dae4 elementor-widget elementor-widget-spacer\" data-id=\"415dae4\" data-element_type=\"widget\" data-e-type=\"widget\" data-widget_type=\"spacer.default\">\n\t\t\t\t<div class=\"elementor-widget-container\">\n\t\t\t\t\t\t\t<div class=\"elementor-spacer\">\n\t\t\t<div class=\"elementor-spacer-inner\"><\/div>\n\t\t<\/div>\n\t\t\t\t\t\t<\/div>\n\t\t\t\t<\/div>\n\t\t\t\t<\/div>\n\t\t<div class=\"elementor-element elementor-element-8ace0b7 e-grid e-con-full e-con e-child\" data-id=\"8ace0b7\" data-element_type=\"container\" data-e-type=\"container\">\n\t\t\t\t<div class=\"elementor-element elementor-element-76c5648 elementor-widget elementor-widget-text-editor\" data-id=\"76c5648\" data-element_type=\"widget\" data-e-type=\"widget\" data-widget_type=\"text-editor.default\">\n\t\t\t\t<div class=\"elementor-widget-container\">\n\t\t\t\t\t\t\t\t\t<h5><b>Ce stage est con\u00e7u pour les enfants qui veulent apprendre \u00e0 se d\u00e9fendre tout en s\u2019amusant!\u00a0<\/b><\/h5><h5><b>\u00c0 travers des exercices ludiques, ils d\u00e9couvriront les bases de cette discipline de self-d\u00e9fense, avec des gestes simples et efficaces.\u00a0<\/b><b>\u00a0<\/b><\/h5><h5><b>Avec Ada et Yves : confiance, respect et esprit d\u2019\u00e9quipe seront au c\u0153ur de chaque journ\u00e9e. Un stage pour bouger, apprendre et se sentir plus fort. <\/b><b>\u00a0<\/b><b>\u00a0<\/b><\/h5>\t\t\t\t\t\t\t\t<\/div>\n\t\t\t\t<\/div>\n\t\t\t\t<div class=\"elementor-element elementor-element-9eba294 elementor-widget elementor-widget-image\" data-id=\"9eba294\" data-element_type=\"widget\" data-e-type=\"widget\" data-widget_type=\"image.default\">\n\t\t\t\t<div class=\"elementor-widget-container\">\n\t\t\t\t\t\t\t\t\t\t\t\t\t\t\t<img fetchpriority=\"high\" decoding=\"async\" width=\"1024\" height=\"1024\" src=\"https:\/\/kidskravmaga.be\/wp-content\/uploads\/2025\/06\/Pattes-de-boxe-en-cuir-1024x1024.webp\" class=\"attachment-large size-large wp-image-64\" alt=\"Pattes de boxe\" srcset=\"https:\/\/kidskravmaga.be\/wp-content\/uploads\/2025\/06\/Pattes-de-boxe-en-cuir-1024x1024.webp 1024w, https:\/\/kidskravmaga.be\/wp-content\/uploads\/2025\/06\/Pattes-de-boxe-en-cuir-300x300.webp 300w, https:\/\/kidskravmaga.be\/wp-content\/uploads\/2025\/06\/Pattes-de-boxe-en-cuir-150x150.webp 150w, https:\/\/kidskravmaga.be\/wp-content\/uploads\/2025\/06\/Pattes-de-boxe-en-cuir-768x768.webp 768w, https:\/\/kidskravmaga.be\/wp-content\/uploads\/2025\/06\/Pattes-de-boxe-en-cuir-1536x1536.webp 1536w, https:\/\/kidskravmaga.be\/wp-content\/uploads\/2025\/06\/Pattes-de-boxe-en-cuir-600x600.webp 600w, https:\/\/kidskravmaga.be\/wp-content\/uploads\/2025\/06\/Pattes-de-boxe-en-cuir.webp 1920w\" sizes=\"(max-width: 1024px) 100vw, 1024px\" \/>\t\t\t\t\t\t\t\t\t\t\t\t\t\t\t<\/div>\n\t\t\t\t<\/div>\n\t\t\t\t<div class=\"elementor-element elementor-element-93a15f8 elementor-widget elementor-widget-image\" data-id=\"93a15f8\" data-element_type=\"widget\" data-e-type=\"widget\" data-widget_type=\"image.default\">\n\t\t\t\t<div class=\"elementor-widget-container\">\n\t\t\t\t\t\t\t\t\t\t\t\t\t\t\t<img decoding=\"async\" width=\"1024\" height=\"1024\" src=\"https:\/\/kidskravmaga.be\/wp-content\/uploads\/2025\/06\/7-1024x1024.webp\" class=\"attachment-large size-large wp-image-63\" alt=\"Jemb\u00e9\" srcset=\"https:\/\/kidskravmaga.be\/wp-content\/uploads\/2025\/06\/7-1024x1024.webp 1024w, https:\/\/kidskravmaga.be\/wp-content\/uploads\/2025\/06\/7-300x300.webp 300w, https:\/\/kidskravmaga.be\/wp-content\/uploads\/2025\/06\/7-150x150.webp 150w, https:\/\/kidskravmaga.be\/wp-content\/uploads\/2025\/06\/7-768x768.webp 768w, https:\/\/kidskravmaga.be\/wp-content\/uploads\/2025\/06\/7-1536x1536.webp 1536w, https:\/\/kidskravmaga.be\/wp-content\/uploads\/2025\/06\/7-600x600.webp 600w, https:\/\/kidskravmaga.be\/wp-content\/uploads\/2025\/06\/7.webp 1920w\" sizes=\"(max-width: 1024px) 100vw, 1024px\" \/>\t\t\t\t\t\t\t\t\t\t\t\t\t\t\t<\/div>\n\t\t\t\t<\/div>\n\t\t\t\t<div class=\"elementor-element elementor-element-e5225dd elementor-widget elementor-widget-text-editor\" data-id=\"e5225dd\" data-element_type=\"widget\" data-e-type=\"widget\" data-widget_type=\"text-editor.default\">\n\t\t\t\t<div class=\"elementor-widget-container\">\n\t\t\t\t\t\t\t\t\t<h5 style=\"color: #ffffff;\"><span style=\"font-weight: bold;\">Le tout en musique of course! Avec Ada, notre musicienne, les rythmes et les percussions n\u2019auront plus aucun secret.\u00a0<\/span><\/h5><h5 style=\"color: #ffffff;\"><span style=\"font-weight: bold;\">Gr\u00e2ce \u00e0 des jeux sonores, des exercices d\u2019\u00e9coute et de cr\u00e9ation, des chansons amusantes, elle vous fait entrer dans son univers de percussionniste.<\/span><\/h5><div><span style=\"font-weight: bold;\">\u00a0<\/span><\/div>\t\t\t\t\t\t\t\t<\/div>\n\t\t\t\t<\/div>\n\t\t\t\t<\/div>\n\t\t\t\t<div class=\"elementor-element elementor-element-5bd4213 elementor-widget elementor-widget-heading\" data-id=\"5bd4213\" data-element_type=\"widget\" data-e-type=\"widget\" data-widget_type=\"heading.default\">\n\t\t\t\t<div class=\"elementor-widget-container\">\n\t\t\t\t\t<h2 class=\"elementor-heading-title elementor-size-default\">Un stage unique que vous ne trouverez nulle part ailleurs!<\/h2>\t\t\t\t<\/div>\n\t\t\t\t<\/div>\n\t\t\t\t<div class=\"elementor-element elementor-element-a772c84 elementor-widget elementor-widget-spacer\" data-id=\"a772c84\" data-element_type=\"widget\" data-e-type=\"widget\" data-widget_type=\"spacer.default\">\n\t\t\t\t<div class=\"elementor-widget-container\">\n\t\t\t\t\t\t\t<div class=\"elementor-spacer\">\n\t\t\t<div class=\"elementor-spacer-inner\"><\/div>\n\t\t<\/div>\n\t\t\t\t\t\t<\/div>\n\t\t\t\t<\/div>\n\t\t\t\t<div class=\"elementor-element elementor-element-16d82ea elementor-widget elementor-widget-heading\" data-id=\"16d82ea\" data-element_type=\"widget\" data-e-type=\"widget\" data-widget_type=\"heading.default\">\n\t\t\t\t<div class=\"elementor-widget-container\">\n\t\t\t\t\t<h2 class=\"elementor-heading-title elementor-size-default\">Informations g\u00e9n\u00e9rales<\/h2>\t\t\t\t<\/div>\n\t\t\t\t<\/div>\n\t\t\t\t<div class=\"elementor-element elementor-element-b2862fa elementor-widget elementor-widget-text-editor\" data-id=\"b2862fa\" data-element_type=\"widget\" data-e-type=\"widget\" data-widget_type=\"text-editor.default\">\n\t\t\t\t<div class=\"elementor-widget-container\">\n\t\t\t\t\t\t\t\t\t<h5><strong>Quand?<\/strong> Du 18 au 22 aout 2025 de 9h \u00e0 16h<\/h5><h5><strong>O\u00f9?<\/strong> Crossfit Waterloo &#8211; Chau. de Nivelles 12, 1410 Waterloo<\/h5><h5><strong>Pour qui?<\/strong> Les enfants de 5 \u00e0 8 ans<\/h5><h5><strong>Quoi?<\/strong> Du Krav Maga et de la musique (percussions)<\/h5><h5><b>Combien?<\/b> 130\u20ac<\/h5>\t\t\t\t\t\t\t\t<\/div>\n\t\t\t\t<\/div>\n\t\t\t\t<\/div>\n\t\t<div class=\"elementor-element elementor-element-f3f3e42 e-con-full e-flex e-con e-child\" data-id=\"f3f3e42\" data-element_type=\"container\" data-e-type=\"container\">\n\t\t\t\t<div class=\"elementor-element elementor-element-cefc4a2 elementor-widget elementor-widget-button\" data-id=\"cefc4a2\" data-element_type=\"widget\" data-e-type=\"widget\" data-widget_type=\"button.default\">\n\t\t\t\t<div class=\"elementor-widget-container\">\n\t\t\t\t\t\t\t\t\t<div class=\"elementor-button-wrapper\">\n\t\t\t\t\t<a class=\"elementor-button elementor-button-link elementor-size-sm\" href=\"#subscription_form\">\n\t\t\t\t\t\t<span class=\"elementor-button-content-wrapper\">\n\t\t\t\t\t\t\t\t\t<span class=\"elementor-button-text\">Je m'inscris!<\/span>\n\t\t\t\t\t<\/span>\n\t\t\t\t\t<\/a>\n\t\t\t\t<\/div>\n\t\t\t\t\t\t\t\t<\/div>\n\t\t\t\t<\/div>\n\t\t\t\t<\/div>\n\t\t\t\t<div class=\"elementor-element elementor-element-9f92cf6 elementor-widget elementor-widget-spacer\" data-id=\"9f92cf6\" data-element_type=\"widget\" data-e-type=\"widget\" data-widget_type=\"spacer.default\">\n\t\t\t\t<div class=\"elementor-widget-container\">\n\t\t\t\t\t\t\t<div class=\"elementor-spacer\">\n\t\t\t<div class=\"elementor-spacer-inner\"><\/div>\n\t\t<\/div>\n\t\t\t\t\t\t<\/div>\n\t\t\t\t<\/div>\n\t\t\t\t<div class=\"elementor-element elementor-element-59a183f elementor-widget elementor-widget-heading\" data-id=\"59a183f\" data-element_type=\"widget\" data-e-type=\"widget\" data-widget_type=\"heading.default\">\n\t\t\t\t<div class=\"elementor-widget-container\">\n\t\t\t\t\t<h2 class=\"elementor-heading-title elementor-size-default\">Demande d'inscription<\/h2>\t\t\t\t<\/div>\n\t\t\t\t<\/div>\n\t\t\t\t<div class=\"elementor-element elementor-element-6f9ee03 elementor-button-align-stretch elementor-widget elementor-widget-form\" data-id=\"6f9ee03\" data-element_type=\"widget\" data-e-type=\"widget\" id=\"subscription_form\" data-settings=\"{&quot;step_next_label&quot;:&quot;Next&quot;,&quot;step_previous_label&quot;:&quot;Previous&quot;,&quot;button_width&quot;:&quot;100&quot;,&quot;step_type&quot;:&quot;number_text&quot;,&quot;step_icon_shape&quot;:&quot;circle&quot;}\" data-widget_type=\"form.default\">\n\t\t\t\t<div class=\"elementor-widget-container\">\n\t\t\t\t\t\t\t<form class=\"elementor-form\" method=\"post\" name=\"New Form\">\n\t\t\t<input type=\"hidden\" name=\"post_id\" value=\"6\"\/>\n\t\t\t<input type=\"hidden\" name=\"form_id\" value=\"6f9ee03\"\/>\n\t\t\t<input type=\"hidden\" name=\"referer_title\" value=\"\" \/>\n\n\t\t\t\t\t\t\t<input type=\"hidden\" name=\"queried_id\" value=\"6\"\/>\n\t\t\t\n\t\t\t<div class=\"elementor-form-fields-wrapper elementor-labels-above\">\n\t\t\t\t\t\t\t\t<div class=\"elementor-field-type-text elementor-field-group elementor-column elementor-field-group-name elementor-col-100 elementor-field-required elementor-mark-required\">\n\t\t\t\t\t\t\t\t\t\t\t\t<label for=\"form-field-name\" class=\"elementor-field-label\">\n\t\t\t\t\t\t\t\tNom\t\t\t\t\t\t\t<\/label>\n\t\t\t\t\t\t\t\t\t\t\t\t\t\t<input size=\"1\" type=\"text\" name=\"form_fields[name]\" id=\"form-field-name\" class=\"elementor-field elementor-size-sm  elementor-field-textual\" placeholder=\"Nom\" required=\"required\">\n\t\t\t\t\t\t\t\t\t\t\t<\/div>\n\t\t\t\t\t\t\t\t<div class=\"elementor-field-type-email elementor-field-group elementor-column elementor-field-group-email elementor-col-100 elementor-field-required elementor-mark-required\">\n\t\t\t\t\t\t\t\t\t\t\t\t<label for=\"form-field-email\" class=\"elementor-field-label\">\n\t\t\t\t\t\t\t\tEmail\t\t\t\t\t\t\t<\/label>\n\t\t\t\t\t\t\t\t\t\t\t\t\t\t<input size=\"1\" type=\"email\" name=\"form_fields[email]\" id=\"form-field-email\" class=\"elementor-field elementor-size-sm  elementor-field-textual\" placeholder=\"Email\" required=\"required\">\n\t\t\t\t\t\t\t\t\t\t\t<\/div>\n\t\t\t\t\t\t\t\t<div class=\"elementor-field-type-tel elementor-field-group elementor-column elementor-field-group-field_28e8729 elementor-col-100 elementor-field-required elementor-mark-required\">\n\t\t\t\t\t\t\t\t\t\t\t\t<label for=\"form-field-field_28e8729\" class=\"elementor-field-label\">\n\t\t\t\t\t\t\t\tT\u00e9l\u00e9phone\t\t\t\t\t\t\t<\/label>\n\t\t\t\t\t\t\t\t<input size=\"1\" type=\"tel\" name=\"form_fields[field_28e8729]\" id=\"form-field-field_28e8729\" class=\"elementor-field elementor-size-sm  elementor-field-textual\" placeholder=\"+32xxxxxxxxx\" required=\"required\" pattern=\"[0-9()#&amp;+*-=.]+\" title=\"Only numbers and phone characters (#, -, *, etc) are accepted.\">\n\n\t\t\t\t\t\t<\/div>\n\t\t\t\t\t\t\t\t<div class=\"elementor-field-type-textarea elementor-field-group elementor-column elementor-field-group-message elementor-col-100\">\n\t\t\t\t\t\t\t\t\t\t\t\t<label for=\"form-field-message\" class=\"elementor-field-label\">\n\t\t\t\t\t\t\t\tMessage\t\t\t\t\t\t\t<\/label>\n\t\t\t\t\t\t<textarea class=\"elementor-field-textual elementor-field  elementor-size-sm\" name=\"form_fields[message]\" id=\"form-field-message\" rows=\"4\" placeholder=\"Message\"><\/textarea>\t\t\t\t<\/div>\n\t\t\t\t\t\t\t\t<div class=\"elementor-field-group elementor-column elementor-field-type-submit elementor-col-100 e-form__buttons\">\n\t\t\t\t\t<button class=\"elementor-button elementor-size-sm\" type=\"submit\">\n\t\t\t\t\t\t<span class=\"elementor-button-content-wrapper\">\n\t\t\t\t\t\t\t\t\t\t\t\t\t\t\t\t\t\t\t\t\t\t<span class=\"elementor-button-text\">Envoyer<\/span>\n\t\t\t\t\t\t\t\t\t\t\t\t\t<\/span>\n\t\t\t\t\t<\/button>\n\t\t\t\t<\/div>\n\t\t\t<\/div>\n\t\t<\/form>\n\t\t\t\t\t\t<\/div>\n\t\t\t\t<\/div>\n\t\t\t\t\t<\/div>\n\t\t\t\t<\/div>\n\t\t\t\t<\/div>\n\t\t","protected":false},"excerpt":{"rendered":"<p>Pr\u00eat \u00e0 devenir un petit expert en Krav Maga? Je m&#8217;inscris! Ce stage est con\u00e7u pour les enfants qui veulent apprendre \u00e0 se d\u00e9fendre tout&hellip;<\/p>\n","protected":false},"author":1,"featured_media":0,"parent":0,"menu_order":0,"comment_status":"closed","ping_status":"closed","template":"elementor_header_footer","meta":{"footnotes":""},"class_list":["post-6","page","type-page","status-publish","hentry"],"_links":{"self":[{"href":"https:\/\/kidskravmaga.be\/index.php?rest_route=\/wp\/v2\/pages\/6","targetHints":{"allow":["GET"]}}],"collection":[{"href":"https:\/\/kidskravmaga.be\/index.php?rest_route=\/wp\/v2\/pages"}],"about":[{"href":"https:\/\/kidskravmaga.be\/index.php?rest_route=\/wp\/v2\/types\/page"}],"author":[{"embeddable":true,"href":"https:\/\/kidskravmaga.be\/index.php?rest_route=\/wp\/v2\/users\/1"}],"replies":[{"embeddable":true,"href":"https:\/\/kidskravmaga.be\/index.php?rest_route=%2Fwp%2Fv2%2Fcomments&post=6"}],"version-history":[{"count":36,"href":"https:\/\/kidskravmaga.be\/index.php?rest_route=\/wp\/v2\/pages\/6\/revisions"}],"predecessor-version":[{"id":67,"href":"https:\/\/kidskravmaga.be\/index.php?rest_route=\/wp\/v2\/pages\/6\/revisions\/67"}],"wp:attachment":[{"href":"https:\/\/kidskravmaga.be\/index.php?rest_route=%2Fwp%2Fv2%2Fmedia&parent=6"}],"curies":[{"name":"wp","href":"https:\/\/api.w.org\/{rel}","templated":true}]}}